{"id":15618,"date":"2024-05-22T11:48:13","date_gmt":"2024-05-22T08:48:13","guid":{"rendered":"https:\/\/homeitaly.md\/?post_type=product&#038;p=15618"},"modified":"2025-04-15T22:37:31","modified_gmt":"2025-04-15T19:37:31","slug":"masa-zermatt-argile","status":"publish","type":"product","link":"https:\/\/www.homeitaly.md\/ru\/produs\/masa-zermatt-argile\/","title":{"rendered":"Masa ZERMATT Argile"},"content":{"rendered":"<p>Masa Zermatt impresioneaza prin baza sa unica, formata dintr-o prisma cu 15 laturi care reflecta lumina in moduri variate, creand o paleta de culori captivanta. Aceasta structura permite vizualizarea simultana a multiple nuante, in functie de unghiul din care este privita, oferind astfel un efect vizual dinamic.<\/p>\n<div class=\"flex flex-grow flex-col max-w-full\">\n<div class=\"min-h-[20px] text-message flex flex-col items-start whitespace-pre-wrap break-words [.text-message+&amp;]:mt-5 juice:w-full juice:items-end overflow-x-auto gap-2\" dir=\"auto\" data-message-author-role=\"assistant\" data-message-id=\"26317e02-11ef-4709-bdb1-e2e4c7f35c6a\">\n<div class=\"flex w-full flex-col gap-1 juice:empty:hidden juice:first:pt-[3px]\">\n<div class=\"markdown prose w-full break-words dark:prose-invert light\">\n<p>Aceste mese rotunde combina functionalitatea cu un design spectaculos, transformandu-se in punctul central al oricarui ambient.<\/p>\n<\/div>\n<\/div>\n<\/div>\n<\/div>\n<div class=\"mt-1 flex gap-3 empty:hidden juice:-ml-3\">\n<div class=\"items-center justify-start rounded-xl p-1 flex\">\n<div class=\"flex items-center\"><\/div>\n<\/div>\n<\/div>\n","protected":false},"excerpt":{"rendered":"<div class=\"col-xs-12 col-md-12 designer designer-anim\">\n<p><strong>Design: <\/strong>Yasuhiro Shito<\/p>\n<p>Gama Zermatt include modele cu blaturi din argil\u0103, ceramic\u0103 \u0219i lemn, adapt\u00e2ndu-se perfect oric\u0103rui decor, fie c\u0103 este vorba de un spa\u021biu reziden\u021bial sau comercial.<\/p>\n<\/div>\n","protected":false},"featured_media":15628,"template":"","meta":{"_acf_changed":false},"product_brand":[113],"product_cat":[149],"product_tag":[],"class_list":{"0":"post-15618","1":"product","2":"type-product","3":"status-publish","4":"has-post-thumbnail","6":"product_brand-cattelan-italia","7":"product_cat-mese","8":"pa_brands-cattelan-italia","9":"pa_forma-rotunda","10":"pa_stoc-la-comanda","11":"pa_top-argila","13":"first","14":"onbackorder","15":"sold-individually","16":"shipping-taxable","17":"purchasable","18":"product-type-simple"},"acf":[],"yoast_head":"<!-- This site is optimized with the Yoast SEO plugin v24.4 - https:\/\/yoast.com\/wordpress\/plugins\/seo\/ -->\n<title>Masa ZERMATT Argile - Mobila Italiana Chisinau<\/title>\n<meta name=\"description\" content=\"Masa ZERMATT Argile - Mobila premium Italia \u2713Unic importator MD \u2705Cel mai mare showroom din Chisinau \ud83d\udccc Str. Calea Orheiului 28\/1\" \/>\n<meta name=\"robots\" content=\"index, follow, max-snippet:-1, max-image-preview:large, max-video-preview:-1\" \/>\n<link rel=\"canonical\" href=\"https:\/\/www.homeitaly.md\/produs\/masa-zermatt-argile\/\" \/>\n<meta property=\"og:locale\" content=\"ru_RU\" \/>\n<meta property=\"og:type\" content=\"article\" \/>\n<meta property=\"og:title\" content=\"Masa ZERMATT Argile - Mobila Italiana Chisinau\" \/>\n<meta property=\"og:description\" content=\"Masa ZERMATT Argile - Mobila premium Italia \u2713Unic importator MD \u2705Cel mai mare showroom din Chisinau \ud83d\udccc Str. Calea Orheiului 28\/1\" \/>\n<meta property=\"og:url\" content=\"https:\/\/www.homeitaly.md\/produs\/masa-zermatt-argile\/\" \/>\n<meta property=\"og:site_name\" content=\"HOMEITALY Mobila Italiana Chisinau\" \/>\n<meta property=\"article:modified_time\" content=\"2025-04-15T19:37:31+00:00\" \/>\n<meta property=\"og:image\" content=\"https:\/\/www.homeitaly.md\/wp-content\/uploads\/2024\/05\/masa-cattelan-italia-homeital-Zermat-Argile_0000s_0000_Imagine.jpg\" \/>\n\t<meta property=\"og:image:width\" content=\"900\" \/>\n\t<meta property=\"og:image:height\" content=\"600\" \/>\n\t<meta property=\"og:image:type\" content=\"image\/jpeg\" \/>\n<meta name=\"twitter:card\" content=\"summary_large_image\" \/>\n<meta name=\"twitter:label1\" content=\"\u041f\u0440\u0438\u043c\u0435\u0440\u043d\u043e\u0435 \u0432\u0440\u0435\u043c\u044f \u0434\u043b\u044f \u0447\u0442\u0435\u043d\u0438\u044f\" \/>\n\t<meta name=\"twitter:data1\" content=\"1 \u043c\u0438\u043d\u0443\u0442\u0430\" \/>\n<script type=\"application\/ld+json\" class=\"yoast-schema-graph\">{\"@context\":\"https:\/\/schema.org\",\"@graph\":[{\"@type\":\"WebPage\",\"@id\":\"https:\/\/www.homeitaly.md\/produs\/masa-zermatt-argile\/\",\"url\":\"https:\/\/www.homeitaly.md\/produs\/masa-zermatt-argile\/\",\"name\":\"Masa ZERMATT Argile - Mobila Italiana Chisinau\",\"isPartOf\":{\"@id\":\"https:\/\/www.homeitaly.md\/#website\"},\"primaryImageOfPage\":{\"@id\":\"https:\/\/www.homeitaly.md\/produs\/masa-zermatt-argile\/#primaryimage\"},\"image\":{\"@id\":\"https:\/\/www.homeitaly.md\/produs\/masa-zermatt-argile\/#primaryimage\"},\"thumbnailUrl\":\"https:\/\/www.homeitaly.md\/wp-content\/uploads\/2024\/05\/masa-cattelan-italia-homeital-Zermat-Argile_0000s_0000_Imagine.jpg\",\"datePublished\":\"2024-05-22T08:48:13+00:00\",\"dateModified\":\"2025-04-15T19:37:31+00:00\",\"description\":\"Masa ZERMATT Argile - Mobila premium Italia \u2713Unic importator MD \u2705Cel mai mare showroom din Chisinau \ud83d\udccc Str. Calea Orheiului 28\/1\",\"breadcrumb\":{\"@id\":\"https:\/\/www.homeitaly.md\/produs\/masa-zermatt-argile\/#breadcrumb\"},\"inLanguage\":\"ru-RU\",\"potentialAction\":[{\"@type\":\"ReadAction\",\"target\":[\"https:\/\/www.homeitaly.md\/produs\/masa-zermatt-argile\/\"]}]},{\"@type\":\"ImageObject\",\"inLanguage\":\"ru-RU\",\"@id\":\"https:\/\/www.homeitaly.md\/produs\/masa-zermatt-argile\/#primaryimage\",\"url\":\"https:\/\/www.homeitaly.md\/wp-content\/uploads\/2024\/05\/masa-cattelan-italia-homeital-Zermat-Argile_0000s_0000_Imagine.jpg\",\"contentUrl\":\"https:\/\/www.homeitaly.md\/wp-content\/uploads\/2024\/05\/masa-cattelan-italia-homeital-Zermat-Argile_0000s_0000_Imagine.jpg\",\"width\":900,\"height\":600,\"caption\":\"masa cattelan italia homeital Zermat Argile 0000s 0000 Imagine\"},{\"@type\":\"BreadcrumbList\",\"@id\":\"https:\/\/www.homeitaly.md\/produs\/masa-zermatt-argile\/#breadcrumb\",\"itemListElement\":[{\"@type\":\"ListItem\",\"position\":1,\"name\":\"Prima pagin\u0103\",\"item\":\"https:\/\/www.homeitaly.md\/ru\/\"},{\"@type\":\"ListItem\",\"position\":2,\"name\":\"Magazin\",\"item\":\"https:\/\/www.homeitaly.md\/?page_id=7\"},{\"@type\":\"ListItem\",\"position\":3,\"name\":\"Masa ZERMATT Argile\"}]},{\"@type\":\"WebSite\",\"@id\":\"https:\/\/www.homeitaly.md\/#website\",\"url\":\"https:\/\/www.homeitaly.md\/\",\"name\":\"HOMEITALY Mobila Italiana Chisinau\",\"description\":\"\",\"potentialAction\":[{\"@type\":\"SearchAction\",\"target\":{\"@type\":\"EntryPoint\",\"urlTemplate\":\"https:\/\/www.homeitaly.md\/?s={search_term_string}\"},\"query-input\":{\"@type\":\"PropertyValueSpecification\",\"valueRequired\":true,\"valueName\":\"search_term_string\"}}],\"inLanguage\":\"ru-RU\"}]}<\/script>\n<!-- \/ Yoast SEO plugin. -->","yoast_head_json":{"title":"Masa ZERMATT Argile - Mobila Italiana Chisinau","description":"Masa ZERMATT Argile - Mobila premium Italia \u2713Unic importator MD \u2705Cel mai mare showroom din Chisinau \ud83d\udccc Str. Calea Orheiului 28\/1","robots":{"index":"index","follow":"follow","max-snippet":"max-snippet:-1","max-image-preview":"max-image-preview:large","max-video-preview":"max-video-preview:-1"},"canonical":"https:\/\/www.homeitaly.md\/produs\/masa-zermatt-argile\/","og_locale":"ru_RU","og_type":"article","og_title":"Masa ZERMATT Argile - Mobila Italiana Chisinau","og_description":"Masa ZERMATT Argile - Mobila premium Italia \u2713Unic importator MD \u2705Cel mai mare showroom din Chisinau \ud83d\udccc Str. Calea Orheiului 28\/1","og_url":"https:\/\/www.homeitaly.md\/produs\/masa-zermatt-argile\/","og_site_name":"HOMEITALY Mobila Italiana Chisinau","article_modified_time":"2025-04-15T19:37:31+00:00","og_image":[{"width":900,"height":600,"url":"https:\/\/www.homeitaly.md\/wp-content\/uploads\/2024\/05\/masa-cattelan-italia-homeital-Zermat-Argile_0000s_0000_Imagine.jpg","type":"image\/jpeg"}],"twitter_card":"summary_large_image","twitter_misc":{"\u041f\u0440\u0438\u043c\u0435\u0440\u043d\u043e\u0435 \u0432\u0440\u0435\u043c\u044f \u0434\u043b\u044f \u0447\u0442\u0435\u043d\u0438\u044f":"1 \u043c\u0438\u043d\u0443\u0442\u0430"},"schema":{"@context":"https:\/\/schema.org","@graph":[{"@type":"WebPage","@id":"https:\/\/www.homeitaly.md\/produs\/masa-zermatt-argile\/","url":"https:\/\/www.homeitaly.md\/produs\/masa-zermatt-argile\/","name":"Masa ZERMATT Argile - Mobila Italiana Chisinau","isPartOf":{"@id":"https:\/\/www.homeitaly.md\/#website"},"primaryImageOfPage":{"@id":"https:\/\/www.homeitaly.md\/produs\/masa-zermatt-argile\/#primaryimage"},"image":{"@id":"https:\/\/www.homeitaly.md\/produs\/masa-zermatt-argile\/#primaryimage"},"thumbnailUrl":"https:\/\/www.homeitaly.md\/wp-content\/uploads\/2024\/05\/masa-cattelan-italia-homeital-Zermat-Argile_0000s_0000_Imagine.jpg","datePublished":"2024-05-22T08:48:13+00:00","dateModified":"2025-04-15T19:37:31+00:00","description":"Masa ZERMATT Argile - Mobila premium Italia \u2713Unic importator MD \u2705Cel mai mare showroom din Chisinau \ud83d\udccc Str. Calea Orheiului 28\/1","breadcrumb":{"@id":"https:\/\/www.homeitaly.md\/produs\/masa-zermatt-argile\/#breadcrumb"},"inLanguage":"ru-RU","potentialAction":[{"@type":"ReadAction","target":["https:\/\/www.homeitaly.md\/produs\/masa-zermatt-argile\/"]}]},{"@type":"ImageObject","inLanguage":"ru-RU","@id":"https:\/\/www.homeitaly.md\/produs\/masa-zermatt-argile\/#primaryimage","url":"https:\/\/www.homeitaly.md\/wp-content\/uploads\/2024\/05\/masa-cattelan-italia-homeital-Zermat-Argile_0000s_0000_Imagine.jpg","contentUrl":"https:\/\/www.homeitaly.md\/wp-content\/uploads\/2024\/05\/masa-cattelan-italia-homeital-Zermat-Argile_0000s_0000_Imagine.jpg","width":900,"height":600,"caption":"masa cattelan italia homeital Zermat Argile 0000s 0000 Imagine"},{"@type":"BreadcrumbList","@id":"https:\/\/www.homeitaly.md\/produs\/masa-zermatt-argile\/#breadcrumb","itemListElement":[{"@type":"ListItem","position":1,"name":"Prima pagin\u0103","item":"https:\/\/www.homeitaly.md\/ru\/"},{"@type":"ListItem","position":2,"name":"Magazin","item":"https:\/\/www.homeitaly.md\/?page_id=7"},{"@type":"ListItem","position":3,"name":"Masa ZERMATT Argile"}]},{"@type":"WebSite","@id":"https:\/\/www.homeitaly.md\/#website","url":"https:\/\/www.homeitaly.md\/","name":"HOMEITALY Mobila Italiana Chisinau","description":"","potentialAction":[{"@type":"SearchAction","target":{"@type":"EntryPoint","urlTemplate":"https:\/\/www.homeitaly.md\/?s={search_term_string}"},"query-input":{"@type":"PropertyValueSpecification","valueRequired":true,"valueName":"search_term_string"}}],"inLanguage":"ru-RU"}]}},"_links":{"self":[{"href":"https:\/\/www.homeitaly.md\/ru\/wp-json\/wp\/v2\/product\/15618","targetHints":{"allow":["GET"]}}],"collection":[{"href":"https:\/\/www.homeitaly.md\/ru\/wp-json\/wp\/v2\/product"}],"about":[{"href":"https:\/\/www.homeitaly.md\/ru\/wp-json\/wp\/v2\/types\/product"}],"wp:featuredmedia":[{"embeddable":true,"href":"https:\/\/www.homeitaly.md\/ru\/wp-json\/wp\/v2\/media\/15628"}],"wp:attachment":[{"href":"https:\/\/www.homeitaly.md\/ru\/wp-json\/wp\/v2\/media?parent=15618"}],"wp:term":[{"taxonomy":"product_brand","embeddable":true,"href":"https:\/\/www.homeitaly.md\/ru\/wp-json\/wp\/v2\/product_brand?post=15618"},{"taxonomy":"product_cat","embeddable":true,"href":"https:\/\/www.homeitaly.md\/ru\/wp-json\/wp\/v2\/product_cat?post=15618"},{"taxonomy":"product_tag","embeddable":true,"href":"https:\/\/www.homeitaly.md\/ru\/wp-json\/wp\/v2\/product_tag?post=15618"}],"curies":[{"name":"wp","href":"https:\/\/api.w.org\/{rel}","templated":true}]}}